{"id":3743,"date":"2025-11-11T19:23:05","date_gmt":"2025-11-11T18:23:05","guid":{"rendered":"https:\/\/studioaveda-geneve.ch\/i-nostri-impegni\/"},"modified":"2026-02-17T23:10:13","modified_gmt":"2026-02-17T22:10:13","slug":"i-nostri-impegni","status":"publish","type":"page","link":"https:\/\/studioaveda-geneve.ch\/it\/i-nostri-impegni\/","title":{"rendered":"I nostri impegni"},"content":{"rendered":"\t\t<div data-elementor-type=\"wp-page\" data-elementor-id=\"3743\" class=\"elementor elementor-3743 elementor-123\" data-elementor-post-type=\"page\">\n\t\t\t\t<div class=\"elementor-element elementor-element-330facb4 kb-hero e-flex e-con-boxed e-con e-parent\" data-id=\"330facb4\" data-element_type=\"container\" data-e-type=\"container\" data-settings=\"{&quot;background_background&quot;:&quot;classic&quot;}\">\n\t\t\t\t\t<div class=\"e-con-inner\">\n\t\t<div class=\"elementor-element elementor-element-62d00cd1 e-con-full e-flex e-con e-child\" data-id=\"62d00cd1\" data-element_type=\"container\" data-e-type=\"container\">\n\t\t\t\t<div class=\"elementor-element elementor-element-76273b89 elementor-align-justify elementor-tablet-align-justify elementor-widget elementor-widget-button\" data-id=\"76273b89\" data-element_type=\"widget\" data-e-type=\"widget\" data-widget_type=\"button.default\">\n\t\t\t\t<div class=\"elementor-widget-container\">\n\t\t\t\t\t\t\t\t\t<div class=\"elementor-button-wrapper\">\n\t\t\t\t\t<a class=\"elementor-button elementor-button-link elementor-size-md\" href=\"https:\/\/salonkee.ch\/salon\/studio-aveda\" target=\"_blank\" rel=\"nofollow noopener\">\n\t\t\t\t\t\t<span class=\"elementor-button-content-wrapper\">\n\t\t\t\t\t\t\t\t\t<span class=\"elementor-button-text\">Prenota un appuntamento<\/span>\n\t\t\t\t\t<\/span>\n\t\t\t\t\t<\/a>\n\t\t\t\t<\/div>\n\t\t\t\t\t\t\t\t<\/div>\n\t\t\t\t<\/div>\n\t\t\t\t<\/div>\n\t\t\t\t\t<\/div>\n\t\t\t\t<\/div>\n\t\t<div class=\"elementor-element elementor-element-6cddc339 e-con-full e-flex e-con e-parent\" data-id=\"6cddc339\" data-element_type=\"container\" data-e-type=\"container\">\n\t\t<div class=\"elementor-element elementor-element-1ea70ba6 e-con-full e-flex e-con e-child\" data-id=\"1ea70ba6\" data-element_type=\"container\" data-e-type=\"container\" data-blur=\"true\" data-blur-amount=\"8\" data-blur-duration=\"1.2\" data-blur-ease=\"power3.out\" data-blur-start=\"top 90%\" data-blur-end=\"top 45%\" data-blur-once=\"false\" data-blur-scrub=\"0.6\">\n\t\t\t\t<div class=\"elementor-element elementor-element-eeca113 elementor-widget elementor-widget-image\" data-id=\"eeca113\" data-element_type=\"widget\" data-e-type=\"widget\" data-widget_type=\"image.default\">\n\t\t\t\t<div class=\"elementor-widget-container\">\n\t\t\t\t\t\t\t\t\t\t\t\t\t\t\t<img fetchpriority=\"high\" decoding=\"async\" width=\"840\" height=\"859\" src=\"https:\/\/studioaveda-geneve.ch\/wp-content\/uploads\/2025\/11\/cruelty-free-Studio-Aveda-Geneve-1.webp\" class=\"attachment-full size-full wp-image-3758\" alt=\"\" srcset=\"https:\/\/studioaveda-geneve.ch\/wp-content\/uploads\/2025\/11\/cruelty-free-Studio-Aveda-Geneve-1.webp 840w, https:\/\/studioaveda-geneve.ch\/wp-content\/uploads\/2025\/11\/cruelty-free-Studio-Aveda-Geneve-1-600x614.webp 600w, https:\/\/studioaveda-geneve.ch\/wp-content\/uploads\/2025\/11\/cruelty-free-Studio-Aveda-Geneve-1-293x300.webp 293w, https:\/\/studioaveda-geneve.ch\/wp-content\/uploads\/2025\/11\/cruelty-free-Studio-Aveda-Geneve-1-768x785.webp 768w\" sizes=\"(max-width: 840px) 100vw, 840px\" \/>\t\t\t\t\t\t\t\t\t\t\t\t\t\t\t<\/div>\n\t\t\t\t<\/div>\n\t\t\t\t<\/div>\n\t\t<div class=\"elementor-element elementor-element-26ec67a9 e-con-full e-flex e-con e-child\" data-id=\"26ec67a9\" data-element_type=\"container\" data-e-type=\"container\" data-blur=\"true\" data-blur-amount=\"8\" data-blur-duration=\"1.2\" data-blur-ease=\"power3.out\" data-blur-start=\"top 90%\" data-blur-end=\"top 45%\" data-blur-once=\"false\" data-blur-scrub=\"0.6\">\n\t\t\t\t<div class=\"elementor-element elementor-element-fdf27b6 elementor-widget elementor-widget-image\" data-id=\"fdf27b6\" data-element_type=\"widget\" data-e-type=\"widget\" data-widget_type=\"image.default\">\n\t\t\t\t<div class=\"elementor-widget-container\">\n\t\t\t\t\t\t\t\t\t\t\t\t\t\t\t<img decoding=\"async\" width=\"1153\" height=\"1141\" src=\"https:\/\/studioaveda-geneve.ch\/wp-content\/uploads\/2025\/11\/Studio-Aveda-Geneve-Vegan-Gluten-Free.svg\" class=\"attachment-full size-full wp-image-3759\" alt=\"\" \/>\t\t\t\t\t\t\t\t\t\t\t\t\t\t\t<\/div>\n\t\t\t\t<\/div>\n\t\t\t\t<\/div>\n\t\t<div class=\"elementor-element elementor-element-7a113e96 e-con-full e-flex e-con e-child\" data-id=\"7a113e96\" data-element_type=\"container\" data-e-type=\"container\" data-blur=\"true\" data-blur-amount=\"8\" data-blur-duration=\"1.2\" data-blur-ease=\"power3.out\" data-blur-start=\"top 90%\" data-blur-end=\"top 45%\" data-blur-once=\"false\" data-blur-scrub=\"0.6\">\n\t\t\t\t<div class=\"elementor-element elementor-element-aeadfa7 elementor-widget elementor-widget-image\" data-id=\"aeadfa7\" data-element_type=\"widget\" data-e-type=\"widget\" data-widget_type=\"image.default\">\n\t\t\t\t<div class=\"elementor-widget-container\">\n\t\t\t\t\t\t\t\t\t\t\t\t\t\t\t<img decoding=\"async\" width=\"136\" height=\"200\" src=\"https:\/\/studioaveda-geneve.ch\/wp-content\/uploads\/2025\/11\/Certified_B_Corporation_B_Corp_Logo_2022_Black_RGB.svg\" class=\"attachment-full size-full wp-image-3761\" alt=\"\" \/>\t\t\t\t\t\t\t\t\t\t\t\t\t\t\t<\/div>\n\t\t\t\t<\/div>\n\t\t\t\t<\/div>\n\t\t\t\t<\/div>\n\t\t<div class=\"elementor-element elementor-element-e217a4d e-con-full e-flex e-con e-parent\" data-id=\"e217a4d\" data-element_type=\"container\" data-e-type=\"container\">\n\t\t<div class=\"elementor-element elementor-element-c21d60e e-con-full e-flex e-con e-child\" data-id=\"c21d60e\" data-element_type=\"container\" data-e-type=\"container\" data-settings=\"{&quot;background_background&quot;:&quot;classic&quot;}\">\n\t\t\t\t<div class=\"elementor-element elementor-element-dafa04d elementor-widget__width-initial elementor-widget elementor-widget-heading\" data-id=\"dafa04d\" data-element_type=\"widget\" data-e-type=\"widget\" data-split=\"lines\" data-split-duration=\"1\" data-split-stagger=\"0.03\" data-split-ease=\"expo.out\" data-split-start=\"top 85%\" data-split-end=\"top 40%\" data-split-once=\"true\" data-split-mobile=\"true\" data-widget_type=\"heading.default\">\n\t\t\t\t<div class=\"elementor-widget-container\">\n\t\t\t\t\t<h2 class=\"elementor-heading-title elementor-size-default\">Il nostro approccio<\/h2>\t\t\t\t<\/div>\n\t\t\t\t<\/div>\n\t\t\t\t<div class=\"elementor-element elementor-element-268cf506 elementor-widget__width-initial elementor-widget elementor-widget-text-editor\" data-id=\"268cf506\" data-element_type=\"widget\" data-e-type=\"widget\" data-split=\"lines\" data-split-duration=\"0.8\" data-split-stagger=\"0.02\" data-split-ease=\"power3.out\" data-split-start=\"top 90%\" data-split-end=\"top 60%\" data-split-once=\"true\" data-widget_type=\"text-editor.default\">\n\t\t\t\t<div class=\"elementor-widget-container\">\n\t\t\t\t\t\t\t\t\t<p>Allo Studio AVEDA Gen\u00e8ve, ci prendiamo cura dei tuoi capelli con la stessa attenzione che riserviamo all\u2019ambiente. Ogni servizio si avvale dei prodotti botanici AVEDA, di gesti delicati e di un approccio rispettoso del tuo benessere. Crediamo in una bellezza naturale, consapevole e in linea con valori forti.  <\/p>\t\t\t\t\t\t\t\t<\/div>\n\t\t\t\t<\/div>\n\t\t\t\t<\/div>\n\t\t<div class=\"elementor-element elementor-element-e8405d9 e-con-full e-flex e-con e-child\" data-id=\"e8405d9\" data-element_type=\"container\" data-e-type=\"container\" data-settings=\"{&quot;background_background&quot;:&quot;classic&quot;,&quot;background_motion_fx_motion_fx_scrolling&quot;:&quot;yes&quot;,&quot;background_motion_fx_translateY_effect&quot;:&quot;yes&quot;,&quot;background_motion_fx_translateY_direction&quot;:&quot;negative&quot;,&quot;background_motion_fx_translateY_speed&quot;:{&quot;unit&quot;:&quot;px&quot;,&quot;size&quot;:6,&quot;sizes&quot;:[]},&quot;background_motion_fx_range&quot;:&quot;viewport&quot;,&quot;background_motion_fx_translateY_affectedRange&quot;:{&quot;unit&quot;:&quot;%&quot;,&quot;size&quot;:&quot;&quot;,&quot;sizes&quot;:{&quot;start&quot;:0,&quot;end&quot;:100}},&quot;background_motion_fx_devices&quot;:[&quot;desktop&quot;,&quot;tablet&quot;,&quot;mobile&quot;]}\">\n\t\t\t\t<\/div>\n\t\t\t\t<\/div>\n\t\t<div class=\"elementor-element elementor-element-45a4cee e-con-full e-flex e-con e-parent\" data-id=\"45a4cee\" data-element_type=\"container\" data-e-type=\"container\">\n\t\t<div class=\"elementor-element elementor-element-b9edbea e-con-full e-flex e-con e-child\" data-id=\"b9edbea\" data-element_type=\"container\" data-e-type=\"container\" data-settings=\"{&quot;background_background&quot;:&quot;classic&quot;,&quot;background_motion_fx_motion_fx_scrolling&quot;:&quot;yes&quot;,&quot;background_motion_fx_translateY_effect&quot;:&quot;yes&quot;,&quot;background_motion_fx_translateY_direction&quot;:&quot;negative&quot;,&quot;background_motion_fx_translateY_speed&quot;:{&quot;unit&quot;:&quot;px&quot;,&quot;size&quot;:6,&quot;sizes&quot;:[]},&quot;background_motion_fx_range&quot;:&quot;viewport&quot;,&quot;background_motion_fx_translateY_affectedRange&quot;:{&quot;unit&quot;:&quot;%&quot;,&quot;size&quot;:&quot;&quot;,&quot;sizes&quot;:{&quot;start&quot;:0,&quot;end&quot;:100}},&quot;background_motion_fx_devices&quot;:[&quot;desktop&quot;,&quot;tablet&quot;,&quot;mobile&quot;]}\">\n\t\t\t\t<\/div>\n\t\t<div class=\"elementor-element elementor-element-f82a973 e-con-full e-flex e-con e-child\" data-id=\"f82a973\" data-element_type=\"container\" data-e-type=\"container\" data-settings=\"{&quot;background_background&quot;:&quot;classic&quot;}\">\n\t\t\t\t<div class=\"elementor-element elementor-element-335db05 elementor-widget__width-initial elementor-widget elementor-widget-heading\" data-id=\"335db05\" data-element_type=\"widget\" data-e-type=\"widget\" data-split=\"lines\" data-split-duration=\"1\" data-split-stagger=\"0.03\" data-split-ease=\"expo.out\" data-split-start=\"top 85%\" data-split-end=\"top 40%\" data-split-once=\"true\" data-split-mobile=\"true\" data-widget_type=\"heading.default\">\n\t\t\t\t<div class=\"elementor-widget-container\">\n\t\t\t\t\t<h2 class=\"elementor-heading-title elementor-size-default\">Prodotti botanici &amp; naturali<\/h2>\t\t\t\t<\/div>\n\t\t\t\t<\/div>\n\t\t\t\t<div class=\"elementor-element elementor-element-1747495 elementor-widget__width-initial elementor-widget elementor-widget-text-editor\" data-id=\"1747495\" data-element_type=\"widget\" data-e-type=\"widget\" data-split=\"lines\" data-split-duration=\"0.8\" data-split-stagger=\"0.02\" data-split-ease=\"power3.out\" data-split-start=\"top 90%\" data-split-end=\"top 60%\" data-split-once=\"true\" data-widget_type=\"text-editor.default\">\n\t\t\t\t<div class=\"elementor-widget-container\">\n\t\t\t\t\t\t\t\t\t<p>AVEDA esclude gli ingredienti controversi come ftalati, parabeni, oli minerali, profumi sintetici, triclosan o formaldeide. <br>I nostri trattamenti sono formulati con attivi botanici, per risultati naturali e rispettosi del tuo cuoio capelluto.<\/p>\t\t\t\t\t\t\t\t<\/div>\n\t\t\t\t<\/div>\n\t\t\t\t<\/div>\n\t\t\t\t<\/div>\n\t\t<div class=\"elementor-element elementor-element-3c9cf6a5 e-flex e-con-boxed e-con e-parent\" data-id=\"3c9cf6a5\" data-element_type=\"container\" data-e-type=\"container\">\n\t\t\t\t\t<div class=\"e-con-inner\">\n\t\t<div class=\"elementor-element elementor-element-5587ca2c e-grid e-con-full e-con e-child\" data-id=\"5587ca2c\" data-element_type=\"container\" data-e-type=\"container\">\n\t\t<div class=\"elementor-element elementor-element-124532e4 e-con-full e-flex e-con e-child\" data-id=\"124532e4\" data-element_type=\"container\" data-e-type=\"container\">\n\t\t<div class=\"elementor-element elementor-element-48086a11 e-con-full e-flex e-con e-child\" data-id=\"48086a11\" data-element_type=\"container\" data-e-type=\"container\">\n\t\t\t\t<div class=\"elementor-element elementor-element-42c60246 elementor-widget__width-initial elementor-widget elementor-widget-heading\" data-id=\"42c60246\" data-element_type=\"widget\" data-e-type=\"widget\" data-split=\"lines\" data-split-duration=\"1\" data-split-stagger=\"0.03\" data-split-ease=\"expo.out\" data-split-start=\"top 85%\" data-split-end=\"top 40%\" data-split-once=\"true\" data-split-mobile=\"true\" data-widget_type=\"heading.default\">\n\t\t\t\t<div class=\"elementor-widget-container\">\n\t\t\t\t\t<h2 class=\"elementor-heading-title elementor-size-default\">Il nostro approccio sostenibile<\/h2>\t\t\t\t<\/div>\n\t\t\t\t<\/div>\n\t\t\t\t<div class=\"elementor-element elementor-element-a5f1696 elementor-widget elementor-widget-heading\" data-id=\"a5f1696\" data-element_type=\"widget\" data-e-type=\"widget\" data-split=\"lines\" data-split-duration=\"0.8\" data-split-stagger=\"0.02\" data-split-ease=\"power3.out\" data-split-start=\"top 90%\" data-split-end=\"top 60%\" data-split-once=\"true\" data-widget_type=\"heading.default\">\n\t\t\t\t<div class=\"elementor-widget-container\">\n\t\t\t\t\t<p class=\"elementor-heading-title elementor-size-default\">Riduciamo il nostro impatto privilegiando il riciclo, la valorizzazione dei materiali e pratiche rispettose per il pianeta, senza mai compromettere la tua esperienza in salone.<\/p>\t\t\t\t<\/div>\n\t\t\t\t<\/div>\n\t\t\t\t<\/div>\n\t\t\t\t<\/div>\n\t\t<div class=\"elementor-element elementor-element-4cb3db88 e-con-full e-transform e-flex e-con e-child\" data-id=\"4cb3db88\" data-element_type=\"container\" data-e-type=\"container\" data-settings=\"{&quot;background_background&quot;:&quot;classic&quot;,&quot;_transform_translateX_effect&quot;:{&quot;unit&quot;:&quot;%&quot;,&quot;size&quot;:-50,&quot;sizes&quot;:[]},&quot;_transform_translateX_effect_tablet&quot;:{&quot;unit&quot;:&quot;%&quot;,&quot;size&quot;:&quot;&quot;,&quot;sizes&quot;:[]},&quot;_transform_translateX_effect_mobile&quot;:{&quot;unit&quot;:&quot;%&quot;,&quot;size&quot;:&quot;&quot;,&quot;sizes&quot;:[]},&quot;_transform_translateY_effect&quot;:{&quot;unit&quot;:&quot;px&quot;,&quot;size&quot;:&quot;&quot;,&quot;sizes&quot;:[]},&quot;_transform_translateY_effect_tablet&quot;:{&quot;unit&quot;:&quot;px&quot;,&quot;size&quot;:&quot;&quot;,&quot;sizes&quot;:[]},&quot;_transform_translateY_effect_mobile&quot;:{&quot;unit&quot;:&quot;px&quot;,&quot;size&quot;:&quot;&quot;,&quot;sizes&quot;:[]}}\">\n\t\t<div class=\"elementor-element elementor-element-17208824 e-con-full e-flex e-con e-child\" data-id=\"17208824\" data-element_type=\"container\" data-e-type=\"container\" data-settings=\"{&quot;background_background&quot;:&quot;classic&quot;}\">\n\t\t\t\t<\/div>\n\t\t<div class=\"elementor-element elementor-element-4946dd8 e-con-full e-flex e-con e-child\" data-id=\"4946dd8\" data-element_type=\"container\" data-e-type=\"container\" data-settings=\"{&quot;background_background&quot;:&quot;classic&quot;}\">\n\t\t\t\t<\/div>\n\t\t\t\t<\/div>\n\t\t<div class=\"elementor-element elementor-element-4dd87bd0 e-con-full e-flex e-con e-child\" data-id=\"4dd87bd0\" data-element_type=\"container\" data-e-type=\"container\">\n\t\t<div class=\"elementor-element elementor-element-4707d7e9 e-con-full e-flex e-con e-child\" data-id=\"4707d7e9\" data-element_type=\"container\" data-e-type=\"container\">\n\t\t\t\t<div class=\"elementor-element elementor-element-33b490af elementor-widget elementor-widget-heading\" data-id=\"33b490af\" data-element_type=\"widget\" data-e-type=\"widget\" data-split=\"lines\" data-split-duration=\"1\" data-split-stagger=\"0.03\" data-split-ease=\"expo.out\" data-split-start=\"top 85%\" data-split-end=\"top 40%\" data-split-once=\"true\" data-split-mobile=\"true\" data-widget_type=\"heading.default\">\n\t\t\t\t<div class=\"elementor-widget-container\">\n\t\t\t\t\t<h3 class=\"elementor-heading-title elementor-size-default\">01 <\/h3>\t\t\t\t<\/div>\n\t\t\t\t<\/div>\n\t\t\t\t<div class=\"elementor-element elementor-element-673563c8 elementor-widget elementor-widget-text-editor\" data-id=\"673563c8\" data-element_type=\"widget\" data-e-type=\"widget\" data-widget_type=\"text-editor.default\">\n\t\t\t\t<div class=\"elementor-widget-container\">\n\t\t\t\t\t\t\t\t\t<p>AVEDA, certificata B Corp\u2122<\/p>\t\t\t\t\t\t\t\t<\/div>\n\t\t\t\t<\/div>\n\t\t\t\t<div class=\"elementor-element elementor-element-ba42aae elementor-widget elementor-widget-text-editor\" data-id=\"ba42aae\" data-element_type=\"widget\" data-e-type=\"widget\" data-split=\"lines\" data-split-duration=\"0.8\" data-split-stagger=\"0.02\" data-split-ease=\"power3.out\" data-split-start=\"top 90%\" data-split-end=\"top 60%\" data-split-once=\"true\" data-widget_type=\"text-editor.default\">\n\t\t\t\t<div class=\"elementor-widget-container\">\n\t\t\t\t\t\t\t\t\tAVEDA \u00e8 un\u2019azienda certificata <a href=\"https:\/\/www.aveda.com\/b-corp-certification\" target=\"_blank\" rel=\"nofollow noopener\">B Corp\u2122<\/a>, impegnata per un impatto positivo sull\u2019ambiente e sulla societ\u00e0. Un marchio che privilegia ingredienti botanici, pratiche etiche e una produzione responsabile. \t\t\t\t\t\t\t\t<\/div>\n\t\t\t\t<\/div>\n\t\t\t\t<div class=\"elementor-element elementor-element-3ef8b5d4 elementor-widget elementor-widget-image\" data-id=\"3ef8b5d4\" data-element_type=\"widget\" data-e-type=\"widget\" data-widget_type=\"image.default\">\n\t\t\t\t<div class=\"elementor-widget-container\">\n\t\t\t\t\t\t\t\t\t\t\t\t\t\t\t<img loading=\"lazy\" decoding=\"async\" width=\"800\" height=\"800\" src=\"https:\/\/studioaveda-geneve.ch\/wp-content\/uploads\/2025\/11\/Studio-Aveda-Certified-B-Corporation.webp\" class=\"attachment-full size-full wp-image-3756\" alt=\"\" srcset=\"https:\/\/studioaveda-geneve.ch\/wp-content\/uploads\/2025\/11\/Studio-Aveda-Certified-B-Corporation.webp 800w, https:\/\/studioaveda-geneve.ch\/wp-content\/uploads\/2025\/11\/Studio-Aveda-Certified-B-Corporation-300x300.webp 300w, https:\/\/studioaveda-geneve.ch\/wp-content\/uploads\/2025\/11\/Studio-Aveda-Certified-B-Corporation-100x100.webp 100w, https:\/\/studioaveda-geneve.ch\/wp-content\/uploads\/2025\/11\/Studio-Aveda-Certified-B-Corporation-600x600.webp 600w, https:\/\/studioaveda-geneve.ch\/wp-content\/uploads\/2025\/11\/Studio-Aveda-Certified-B-Corporation-150x150.webp 150w, https:\/\/studioaveda-geneve.ch\/wp-content\/uploads\/2025\/11\/Studio-Aveda-Certified-B-Corporation-768x768.webp 768w\" sizes=\"(max-width: 800px) 100vw, 800px\" \/>\t\t\t\t\t\t\t\t\t\t\t\t\t\t\t<\/div>\n\t\t\t\t<\/div>\n\t\t\t\t<\/div>\n\t\t<div class=\"elementor-element elementor-element-1bab4928 e-con-full e-flex e-con e-child\" data-id=\"1bab4928\" data-element_type=\"container\" data-e-type=\"container\">\n\t\t\t\t<div class=\"elementor-element elementor-element-5f0e4ec6 elementor-widget elementor-widget-heading\" data-id=\"5f0e4ec6\" data-element_type=\"widget\" data-e-type=\"widget\" data-split=\"lines\" data-split-duration=\"1\" data-split-stagger=\"0.03\" data-split-ease=\"expo.out\" data-split-start=\"top 85%\" data-split-end=\"top 40%\" data-split-once=\"true\" data-split-mobile=\"true\" data-widget_type=\"heading.default\">\n\t\t\t\t<div class=\"elementor-widget-container\">\n\t\t\t\t\t<h3 class=\"elementor-heading-title elementor-size-default\">02\n<\/h3>\t\t\t\t<\/div>\n\t\t\t\t<\/div>\n\t\t\t\t<div class=\"elementor-element elementor-element-44459371 elementor-widget elementor-widget-text-editor\" data-id=\"44459371\" data-element_type=\"widget\" data-e-type=\"widget\" data-widget_type=\"text-editor.default\">\n\t\t\t\t<div class=\"elementor-widget-container\">\n\t\t\t\t\t\t\t\t\t<p>Vegan &amp; Cruelty-Free<\/p>\t\t\t\t\t\t\t\t<\/div>\n\t\t\t\t<\/div>\n\t\t\t\t<div class=\"elementor-element elementor-element-afb0a7f elementor-widget elementor-widget-text-editor\" data-id=\"afb0a7f\" data-element_type=\"widget\" data-e-type=\"widget\" data-split=\"lines\" data-split-duration=\"0.8\" data-split-stagger=\"0.02\" data-split-ease=\"power3.out\" data-split-start=\"top 90%\" data-split-end=\"top 60%\" data-split-once=\"true\" data-widget_type=\"text-editor.default\">\n\t\t\t\t<div class=\"elementor-widget-container\">\n\t\t\t\t\t\t\t\t\t<p>Tutte le nostre colorazioni e i nostri trattamenti sono 100% vegan e mai testati sugli animali. Un impegno forte, essenziale per offrire una bellezza pi\u00f9 delicata, pi\u00f9 etica e pi\u00f9 rispettosa del mondo vivente. <\/p>\t\t\t\t\t\t\t\t<\/div>\n\t\t\t\t<\/div>\n\t\t\t\t<div class=\"elementor-element elementor-element-40d53581 elementor-widget elementor-widget-image\" data-id=\"40d53581\" data-element_type=\"widget\" data-e-type=\"widget\" data-widget_type=\"image.default\">\n\t\t\t\t<div class=\"elementor-widget-container\">\n\t\t\t\t\t\t\t\t\t\t\t\t\t\t\t<img loading=\"lazy\" decoding=\"async\" width=\"1080\" height=\"1080\" src=\"https:\/\/studioaveda-geneve.ch\/wp-content\/uploads\/2025\/11\/Cruelty-free-Studio-Aveda-Geneve.webp\" class=\"attachment-full size-full wp-image-3755\" alt=\"\" srcset=\"https:\/\/studioaveda-geneve.ch\/wp-content\/uploads\/2025\/11\/Cruelty-free-Studio-Aveda-Geneve.webp 1080w, https:\/\/studioaveda-geneve.ch\/wp-content\/uploads\/2025\/11\/Cruelty-free-Studio-Aveda-Geneve-300x300.webp 300w, https:\/\/studioaveda-geneve.ch\/wp-content\/uploads\/2025\/11\/Cruelty-free-Studio-Aveda-Geneve-100x100.webp 100w, https:\/\/studioaveda-geneve.ch\/wp-content\/uploads\/2025\/11\/Cruelty-free-Studio-Aveda-Geneve-600x600.webp 600w, https:\/\/studioaveda-geneve.ch\/wp-content\/uploads\/2025\/11\/Cruelty-free-Studio-Aveda-Geneve-1024x1024.webp 1024w, https:\/\/studioaveda-geneve.ch\/wp-content\/uploads\/2025\/11\/Cruelty-free-Studio-Aveda-Geneve-150x150.webp 150w, https:\/\/studioaveda-geneve.ch\/wp-content\/uploads\/2025\/11\/Cruelty-free-Studio-Aveda-Geneve-768x768.webp 768w\" sizes=\"(max-width: 1080px) 100vw, 1080px\" \/>\t\t\t\t\t\t\t\t\t\t\t\t\t\t\t<\/div>\n\t\t\t\t<\/div>\n\t\t\t\t<\/div>\n\t\t<div class=\"elementor-element elementor-element-6fd21c2d e-con-full e-flex e-con e-child\" data-id=\"6fd21c2d\" data-element_type=\"container\" data-e-type=\"container\">\n\t\t\t\t<div class=\"elementor-element elementor-element-60549f70 elementor-widget elementor-widget-heading\" data-id=\"60549f70\" data-element_type=\"widget\" data-e-type=\"widget\" data-split=\"lines\" data-split-duration=\"1\" data-split-stagger=\"0.03\" data-split-ease=\"expo.out\" data-split-start=\"top 85%\" data-split-end=\"top 40%\" data-split-once=\"true\" data-split-mobile=\"true\" data-widget_type=\"heading.default\">\n\t\t\t\t<div class=\"elementor-widget-container\">\n\t\t\t\t\t<h3 class=\"elementor-heading-title elementor-size-default\">03<\/h3>\t\t\t\t<\/div>\n\t\t\t\t<\/div>\n\t\t\t\t<div class=\"elementor-element elementor-element-35c3a6be elementor-widget elementor-widget-text-editor\" data-id=\"35c3a6be\" data-element_type=\"widget\" data-e-type=\"widget\" data-widget_type=\"text-editor.default\">\n\t\t\t\t<div class=\"elementor-widget-container\">\n\t\t\t\t\t\t\t\t\t<p>Un salone pi\u00f9 responsabile ogni giorno<\/p>\t\t\t\t\t\t\t\t<\/div>\n\t\t\t\t<\/div>\n\t\t\t\t<div class=\"elementor-element elementor-element-336b894 elementor-widget elementor-widget-text-editor\" data-id=\"336b894\" data-element_type=\"widget\" data-e-type=\"widget\" data-split=\"lines\" data-split-duration=\"0.8\" data-split-stagger=\"0.02\" data-split-ease=\"power3.out\" data-split-start=\"top 90%\" data-split-end=\"top 60%\" data-split-once=\"true\" data-widget_type=\"text-editor.default\">\n\t\t\t\t<div class=\"elementor-widget-container\">\n\t\t\t\t\t\t\t\t\t<p>Ricicliamo il maggior numero possibile di materiali, limitiamo l\u2019usa e getta e privilegiamo soluzioni ricaricabili. Una serie di gesti semplici ma importanti per ridurre la nostra impronta e agire in modo sostenibile. <\/p>\t\t\t\t\t\t\t\t<\/div>\n\t\t\t\t<\/div>\n\t\t\t\t<div class=\"elementor-element elementor-element-37f171c7 elementor-widget elementor-widget-image\" data-id=\"37f171c7\" data-element_type=\"widget\" data-e-type=\"widget\" data-widget_type=\"image.default\">\n\t\t\t\t<div class=\"elementor-widget-container\">\n\t\t\t\t\t\t\t\t\t\t\t\t\t\t\t<img loading=\"lazy\" decoding=\"async\" width=\"838\" height=\"838\" src=\"https:\/\/studioaveda-geneve.ch\/wp-content\/uploads\/2025\/11\/Studio-aveda-Lissignol-durable.webp\" class=\"attachment-full size-full wp-image-3757\" alt=\"\" srcset=\"https:\/\/studioaveda-geneve.ch\/wp-content\/uploads\/2025\/11\/Studio-aveda-Lissignol-durable.webp 838w, https:\/\/studioaveda-geneve.ch\/wp-content\/uploads\/2025\/11\/Studio-aveda-Lissignol-durable-300x300.webp 300w, https:\/\/studioaveda-geneve.ch\/wp-content\/uploads\/2025\/11\/Studio-aveda-Lissignol-durable-100x100.webp 100w, https:\/\/studioaveda-geneve.ch\/wp-content\/uploads\/2025\/11\/Studio-aveda-Lissignol-durable-600x600.webp 600w, https:\/\/studioaveda-geneve.ch\/wp-content\/uploads\/2025\/11\/Studio-aveda-Lissignol-durable-150x150.webp 150w, https:\/\/studioaveda-geneve.ch\/wp-content\/uploads\/2025\/11\/Studio-aveda-Lissignol-durable-768x768.webp 768w\" sizes=\"(max-width: 838px) 100vw, 838px\" \/>\t\t\t\t\t\t\t\t\t\t\t\t\t\t\t<\/div>\n\t\t\t\t<\/div>\n\t\t\t\t<\/div>\n\t\t\t\t<\/div>\n\t\t\t\t<\/div>\n\t\t\t\t\t<\/div>\n\t\t\t\t<\/div>\n\t\t\t\t<\/div>\n\t\t","protected":false},"excerpt":{"rendered":"<p>Il nostro approccio Allo Studio AVEDA Gen\u00e8ve, ci prendiamo cura dei tuoi capelli con la stessa attenzione che riserviamo all\u2019ambiente. Ogni servizio si avvale dei prodotti botanici AVEDA, di gesti delicati e di un approccio rispettoso del tuo benessere. Crediamo in una bellezza naturale, consapevole e in linea con valori forti. Prodotti botanici &amp; naturali [&hellip;]<\/p>\n","protected":false},"author":1,"featured_media":0,"parent":0,"menu_order":0,"comment_status":"closed","ping_status":"closed","template":"","meta":{"_acf_changed":false,"footnotes":""},"class_list":["post-3743","page","type-page","status-publish","hentry"],"acf":[],"_links":{"self":[{"href":"https:\/\/studioaveda-geneve.ch\/it\/wp-json\/wp\/v2\/pages\/3743","targetHints":{"allow":["GET"]}}],"collection":[{"href":"https:\/\/studioaveda-geneve.ch\/it\/wp-json\/wp\/v2\/pages"}],"about":[{"href":"https:\/\/studioaveda-geneve.ch\/it\/wp-json\/wp\/v2\/types\/page"}],"author":[{"embeddable":true,"href":"https:\/\/studioaveda-geneve.ch\/it\/wp-json\/wp\/v2\/users\/1"}],"replies":[{"embeddable":true,"href":"https:\/\/studioaveda-geneve.ch\/it\/wp-json\/wp\/v2\/comments?post=3743"}],"version-history":[{"count":1,"href":"https:\/\/studioaveda-geneve.ch\/it\/wp-json\/wp\/v2\/pages\/3743\/revisions"}],"predecessor-version":[{"id":3766,"href":"https:\/\/studioaveda-geneve.ch\/it\/wp-json\/wp\/v2\/pages\/3743\/revisions\/3766"}],"wp:attachment":[{"href":"https:\/\/studioaveda-geneve.ch\/it\/wp-json\/wp\/v2\/media?parent=3743"}],"curies":[{"name":"wp","href":"https:\/\/api.w.org\/{rel}","templated":true}]}}